{"id":5,"date":"2015-02-01T11:46:19","date_gmt":"2015-02-01T11:46:19","guid":{"rendered":"http:\/\/www.sportovniklubnyrov.cz\/?page_id=5"},"modified":"2017-12-22T08:17:34","modified_gmt":"2017-12-22T08:17:34","slug":"o-sportovnim-klubu","status":"publish","type":"page","link":"https:\/\/www.sportovniklubnyrov.cz\/?page_id=5","title":{"rendered":"O sportovn\u00edm klubu"},"content":{"rendered":"<p>Sportovn\u00ed klub N\u00fdrov, z.s. vznikl v roce 2007.<\/p>\n<p>V sou\u010dasnosti m\u00e1 klub 78 \u010dlen\u016f.<\/p>\n<p>\u00da\u010delem spolku je po\u0159\u00e1d\u00e1n\u00ed a organizace sportovn\u00edch, t\u011blov\u00fdchovn\u00fdch a turistick\u00fdch aktivit. Vytv\u00e1\u0159en\u00ed podm\u00ednek vhodn\u00fdch ke sportovn\u00edm aktivit\u00e1m.<\/p>\n<p>Organiza\u010dn\u00ed strukturu spolku tvo\u0159\u00ed tyto org\u00e1ny:<\/p>\n<ul>\n<li>valn\u00e1 hromada (je nejvy\u0161\u0161\u00edm org\u00e1nem klubu, kter\u00fd je tvo\u0159en v\u0161emi \u010dleny klubu)<\/li>\n<li>v\u00fdkonn\u00fd v\u00fdbor\u00a0(je v\u00fdkonn\u00fdm org\u00e1nem klubu)<\/li>\n<li>prezident klubu (\u0159\u00edd\u00ed a koordinuje \u010dinnost klubu a v\u00fdboru)<\/li>\n<\/ul>\n<h2>Jak se st\u00e1t \u010dlenem sportovn\u00edho klubu:<\/h2>\n<p>\u010clenem klubu se m\u016f\u017ee st\u00e1t ka\u017ed\u00e1 fyzick\u00e1 nebo pr\u00e1vnick\u00e1 osoba, kter\u00e1 souhlas\u00ed se stanovami a projev\u00ed z\u00e1jem o \u010dlenstv\u00ed. O p\u0159ijet\u00ed \u010dlena SK N\u00fdrov rozhoduje valn\u00e1 hromada. Ta se kon\u00e1 pravideln\u011b v\u017edy 31.prosince v p\u00edskovn\u011b KORA Kun\u0161t\u00e1t ve 12:00<\/p>\n<h2>Stanovy:<\/h2>\n<p>Aktu\u00e1n\u00ed stanovy jsou k nahl\u00e9dnut\u00ed <a href=\"http:\/\/www.sportovniklubnyrov.cz\/wp-content\/uploads\/2015\/02\/STANOVY_NYROV_v01.pdf\">ZDE<\/a><\/p>\n<h2>Ofici\u00e1ln\u00ed logo:<\/h2>\n<p><img loading=\"lazy\" decoding=\"async\" class=\" size-full wp-image-64 alignnone\" src=\"http:\/\/www.sportovniklubnyrov.cz\/wp-content\/uploads\/2015\/02\/znak_003.png\" alt=\"znak_003\" width=\"215\" height=\"215\" srcset=\"https:\/\/www.sportovniklubnyrov.cz\/wp-content\/uploads\/2015\/02\/znak_003.png 215w, https:\/\/www.sportovniklubnyrov.cz\/wp-content\/uploads\/2015\/02\/znak_003-150x150.png 150w\" sizes=\"auto, (max-width: 215px) 100vw, 215px\" \/><\/p>\n<h2>Kontaktn\u00ed informace:<\/h2>\n<p>Prezident: Ivo Dvo\u0159\u00e1\u010dek<\/p>\n<p>V\u00fdkonn\u00fd v\u00fdbor:<\/p>\n<ul>\n<li>Ivo Dvo\u0159\u00e1\u010dek<\/li>\n<li>Vladim\u00edr Konop\u00e1\u010d<\/li>\n<li>Ji\u0159\u00ed Konop\u00e1\u010d<\/li>\n<\/ul>\n<h2>\u010c\u00edslo \u00fa\u010dtu:<\/h2>\n<p>115-5834130277\/0100<\/p>\n<p>(u \u010dlensk\u00fdch p\u0159\u00edsp\u011bvk\u016f uv\u00e1d\u011bjte do pozn\u00e1mky Va\u0161e jm\u00e9no)<\/p>\n","protected":false},"excerpt":{"rendered":"<p>Sportovn\u00ed klub N\u00fdrov, z.s. vznikl v roce 2007. V sou\u010dasnosti m\u00e1 klub 78 \u010dlen\u016f. \u00da\u010delem spolku je po\u0159\u00e1d\u00e1n\u00ed a organizace sportovn\u00edch, t\u011blov\u00fdchovn\u00fdch a turistick\u00fdch aktivit. Vytv\u00e1\u0159en\u00ed podm\u00ednek vhodn\u00fdch ke sportovn\u00edm aktivit\u00e1m. Organiza\u010dn\u00ed strukturu spolku tvo\u0159\u00ed tyto org\u00e1ny: valn\u00e1 hromada (je&#8230;<br \/><a class=\"read-more-button\" href=\"https:\/\/www.sportovniklubnyrov.cz\/?page_id=5\">\u010c\u00edst v\u00edce<\/a><\/p>\n","protected":false},"author":1,"featured_media":0,"parent":0,"menu_order":0,"comment_status":"closed","ping_status":"open","template":"","meta":{"footnotes":""},"class_list":["post-5","page","type-page","status-publish","hentry"],"_links":{"self":[{"href":"https:\/\/www.sportovniklubnyrov.cz\/index.php?rest_route=\/wp\/v2\/pages\/5","targetHints":{"allow":["GET"]}}],"collection":[{"href":"https:\/\/www.sportovniklubnyrov.cz\/index.php?rest_route=\/wp\/v2\/pages"}],"about":[{"href":"https:\/\/www.sportovniklubnyrov.cz\/index.php?rest_route=\/wp\/v2\/types\/page"}],"author":[{"embeddable":true,"href":"https:\/\/www.sportovniklubnyrov.cz\/index.php?rest_route=\/wp\/v2\/users\/1"}],"replies":[{"embeddable":true,"href":"https:\/\/www.sportovniklubnyrov.cz\/index.php?rest_route=%2Fwp%2Fv2%2Fcomments&post=5"}],"version-history":[{"count":11,"href":"https:\/\/www.sportovniklubnyrov.cz\/index.php?rest_route=\/wp\/v2\/pages\/5\/revisions"}],"predecessor-version":[{"id":278,"href":"https:\/\/www.sportovniklubnyrov.cz\/index.php?rest_route=\/wp\/v2\/pages\/5\/revisions\/278"}],"wp:attachment":[{"href":"https:\/\/www.sportovniklubnyrov.cz\/index.php?rest_route=%2Fwp%2Fv2%2Fmedia&parent=5"}],"curies":[{"name":"wp","href":"https:\/\/api.w.org\/{rel}","templated":true}]}}