{"id":53,"date":"2015-02-01T12:42:02","date_gmt":"2015-02-01T12:42:02","guid":{"rendered":"http:\/\/www.sportovniklubnyrov.cz\/?page_id=53"},"modified":"2026-03-06T06:17:16","modified_gmt":"2026-03-06T06:17:16","slug":"pochod-hk","status":"publish","type":"page","link":"https:\/\/www.sportovniklubnyrov.cz\/?page_id=53","title":{"rendered":"Pochod Halasov\u00fdm Kun\u0161t\u00e1tskem"},"content":{"rendered":"<h1>\u00a0Po\u0159adatelem pochodu je Sportovn\u00ed klub N\u00fdrov, z.s.<\/h1>\n<ul>\n<li><strong>kdy:<\/strong> sobota 16. kv\u011btna 2026<\/li>\n<li><strong>start:<\/strong>\u00a07-11 hod.<\/li>\n<li><strong>kde:<\/strong> v\u00fdleti\u0161t\u011b N\u00fdrov<\/li>\n<li><strong>kategorie:<\/strong> 7km, 15km, 25km, 42km<\/li>\n<li><strong>web:<\/strong> www.sportovniklubnyrov.cz<\/li>\n<li><strong>email:<\/strong> <a href=\"mailto:pochod-hk@seznam.cz\">pochod-hk@seznam.cz<\/a><\/li>\n<li><strong>tel:<\/strong> 602 160 684<\/li>\n<\/ul>\n<p><strong>P\u0159ipraveny jsou trasy o d\u00e9lk\u00e1ch 7, 15, 25 nebo na 42km<\/strong><\/p>\n<p>Volba trasy je jen na V\u00e1s. Dejte si do t\u011bla a vyzkou\u0161ejte jednu z del\u0161\u00edch tras.<\/p>\n<p>Trasa 7 km je vhodn\u00e1 i pro ko\u010d\u00e1rky<\/p>\n<p>Trasy 25 a 42 km v \u010d\u00e1sti Toubo\u0159 &#8211; vrch Kul\u00ed\u0161ek budou z\u0159ejm\u00e9 a\u017e s ohledem na pastvu hospod\u00e1\u0159sk\u00fdch zv\u00ed\u0159at v \u010d\u00e1sti pod Kul\u00ed\u0161kem. Ke sta\u017een\u00ed v\u0161ak zat\u00edm z\u016fst\u00e1v\u00e1 varianta z roku 2025. Sledujte proto informace na webov\u00fdch str\u00e1nk\u00e1ch a na FCB.\u00a0Pod vrchem Kul\u00ed\u0161ek se nach\u00e1z\u00ed v minulosti vyzna\u010dena k\u0159\u00ed\u017eov\u00e1 cesta. Prov\u00e1d\u00ed se tu nyn\u00ed ale lesnick\u00e9 pr\u00e1ce v d\u00e9lce cca 500 m. \u00dasek s opatrnost\u00ed projdete.<\/p>\n<p>Rovn\u011b\u017e kontrola na tras\u00e1ch 15,25,42 km v Pansk\u00e9 zahrad\u011b kun\u0161t\u00e1tsk\u00e9ho z\u00e1mku bude letos p\u0159em\u00edst\u011bna z centr\u00e1ln\u00ed \u010d\u00e1sti do prav\u00e9ho zadn\u00edho rohu zahrady.<\/p>\n<p><strong>Pokyny pro \u00fa\u010dastn\u00edky:<\/strong><\/p>\n<ul>\n<li>do N\u00fdrova se dostanete od Kun\u0161t\u00e1tu nebo Letovic. Po p\u0159ijet\u00ed do obce odbo\u010d\u00edte sm\u011brem k centru kde V\u00e1s ji\u017e budou navigovat informa\u010dn\u00ed cedule.<\/li>\n<li>dal\u0161\u00ed mo\u017enost\u00ed je vyu\u017e\u00edt linkov\u00e9 spoje IDS JMK nebo vlakov\u00fd spoj (stanice \u201eLetovice zast\u00e1vka\u201c) a doj\u00edt k n\u00e1m p\u011b\u0161ky.<\/li>\n<li>pro ty z v\u00e1s, kte\u0159\u00ed p\u0159ijedete vlastn\u00edmi vozidly, bude zaji\u0161t\u011bna dostate\u010dn\u00e1 kapacita na vyhrazen\u00fdch parkovi\u0161t\u00edch<\/li>\n<li>startovn\u00e9 pro v\u0161echny trasy ve v\u00fd\u0161i 40 K\u010d<\/li>\n<li>na startu a v c\u00edli bude mo\u017en\u00e9 zakoupit ob\u010derstven\u00ed<\/li>\n<li>na z\u00e1klad\u011b zaplacen\u00ed startovn\u00e9ho\u00a0obdr\u017e\u00ed \u00fa\u010dastn\u00edci pam\u011btn\u00ed buton a mapu<\/li>\n<li>jednotliv\u00e9 trasy budou vyzna\u010deny a na startu obdr\u017e\u00edte mapu<\/li>\n<\/ul>\n<p><a href=\"https:\/\/www.facebook.com\/events\/24960103546938814?acontext=%7B%22event_action_history%22%3A[%7B%22extra_data%22%3A%22%22%2C%22mechanism%22%3A%22calendar_tab_event%22%2C%22surface%22%3A%22bookmark_calendar%22%7D%2C%7B%22extra_data%22%3A%22%22%2C%22mechanism%22%3A%22left_rail%22%2C%22surface%22%3A%22bookmark%22%7D%2C%7B%22extra_data%22%3A%22%22%2C%22mechanism%22%3A%22calendar_tab_event%22%2C%22surface%22%3A%22bookmark_calendar%22%7D]%2C%22ref_notif_type%22%3Anull%7D\"><img loading=\"lazy\" decoding=\"async\" class=\"alignleft wp-image-467 size-thumbnail\" src=\"http:\/\/www.sportovniklubnyrov.cz\/wp-content\/uploads\/2015\/02\/fb_icon_325x325-150x150.png\" alt=\"fb_icon_325x325\" width=\"150\" height=\"150\" srcset=\"https:\/\/www.sportovniklubnyrov.cz\/wp-content\/uploads\/2015\/02\/fb_icon_325x325-150x150.png 150w, https:\/\/www.sportovniklubnyrov.cz\/wp-content\/uploads\/2015\/02\/fb_icon_325x325-300x300.png 300w, https:\/\/www.sportovniklubnyrov.cz\/wp-content\/uploads\/2015\/02\/fb_icon_325x325.png 325w\" sizes=\"auto, (max-width: 150px) 100vw, 150px\" \/><\/a><\/p>\n<p>&nbsp;<\/p>\n<p>&nbsp;<\/p>\n<p>&nbsp;<\/p>\n<p>&nbsp;<\/p>\n<p>&nbsp;<\/p>\n<p>&nbsp;<\/p>\n<h1><strong>Trasy:<\/strong><\/h1>\n<p><u>N\u00fdrov-&gt;-&gt;N\u00fdrov<\/u>\u00a0 \u00a0 \u00a07 km\u00a0 \u00a0 \u00a0 \u00a0 \u00a0 \u00a0 \u00a0 \u00a0 \u00a0 \u00a0 \u00a0 \u00a0 \u00a0 \u00a0 \u00a0 \u00a0 \u00a0 \u00a0 \u00a0 \u00a0 \u00a0 \u00a0 \u00a0 \u00a0 \u00a0<a href=\"https:\/\/mapy.cz\/s\/boceronevu\">https:\/\/mapy.cz\/s\/boceronevu<\/a><\/p>\n<p>&nbsp;<\/p>\n<p><a href=\"http:\/\/www.sportovniklubnyrov.cz\/wp-content\/uploads\/2022\/05\/Trasa-7-km.jpg\"><img loading=\"lazy\" decoding=\"async\" class=\"alignnone wp-image-579\" src=\"http:\/\/www.sportovniklubnyrov.cz\/wp-content\/uploads\/2022\/05\/Trasa-7-km-300x175.jpg\" alt=\"Trasa 7 km\" width=\"298\" height=\"174\" srcset=\"https:\/\/www.sportovniklubnyrov.cz\/wp-content\/uploads\/2022\/05\/Trasa-7-km-300x175.jpg 300w, https:\/\/www.sportovniklubnyrov.cz\/wp-content\/uploads\/2022\/05\/Trasa-7-km-768x447.jpg 768w, https:\/\/www.sportovniklubnyrov.cz\/wp-content\/uploads\/2022\/05\/Trasa-7-km-1024x596.jpg 1024w, https:\/\/www.sportovniklubnyrov.cz\/wp-content\/uploads\/2022\/05\/Trasa-7-km-956x557.jpg 956w\" sizes=\"auto, (max-width: 298px) 100vw, 298px\" \/><\/a><a href=\"http:\/\/www.sportovniklubnyrov.cz\/wp-content\/uploads\/2022\/05\/Profil-7km.jpg\"><img loading=\"lazy\" decoding=\"async\" class=\"alignnone wp-image-583\" src=\"http:\/\/www.sportovniklubnyrov.cz\/wp-content\/uploads\/2022\/05\/Profil-7km-300x211.jpg\" alt=\"Profil 7km\" width=\"146\" height=\"103\" srcset=\"https:\/\/www.sportovniklubnyrov.cz\/wp-content\/uploads\/2022\/05\/Profil-7km-300x211.jpg 300w, https:\/\/www.sportovniklubnyrov.cz\/wp-content\/uploads\/2022\/05\/Profil-7km.jpg 479w\" sizes=\"auto, (max-width: 146px) 100vw, 146px\" \/><\/a><a href=\"http:\/\/www.sportovniklubnyrov.cz\/wp-content\/uploads\/2015\/02\/mapycz-qr-7-km-1.png\"><img loading=\"lazy\" decoding=\"async\" class=\"alignnone wp-image-749\" src=\"http:\/\/www.sportovniklubnyrov.cz\/wp-content\/uploads\/2015\/02\/mapycz-qr-7-km-1-300x300.png\" alt=\"mapycz-qr-7 km\" width=\"200\" height=\"200\" srcset=\"https:\/\/www.sportovniklubnyrov.cz\/wp-content\/uploads\/2015\/02\/mapycz-qr-7-km-1-300x300.png 300w, https:\/\/www.sportovniklubnyrov.cz\/wp-content\/uploads\/2015\/02\/mapycz-qr-7-km-1-150x150.png 150w, https:\/\/www.sportovniklubnyrov.cz\/wp-content\/uploads\/2015\/02\/mapycz-qr-7-km-1.png 500w\" sizes=\"auto, (max-width: 200px) 100vw, 200px\" \/><\/a><\/p>\n<p>&nbsp;<\/p>\n<p>&nbsp;<\/p>\n<p><u>N\u00fdrov-&gt;Kun\u0161t\u00e1t-&gt;Rudka-&gt;N\u00fdrov<\/u>\u00a0\u00a0 15 km\u00a0 \u00a0 \u00a0 \u00a0 \u00a0 \u00a0 \u00a0 \u00a0 \u00a0 \u00a0 \u00a0 \u00a0<a href=\"https:\/\/mapy.cz\/s\/kusolufume\">https:\/\/mapy.cz\/s\/kusolufume<\/a><\/p>\n<p>&nbsp;<\/p>\n<p><a href=\"http:\/\/www.sportovniklubnyrov.cz\/wp-content\/uploads\/2022\/05\/Trasa-15-km_kurovec.jpg\"><img loading=\"lazy\" decoding=\"async\" class=\"alignnone size-medium wp-image-585\" src=\"http:\/\/www.sportovniklubnyrov.cz\/wp-content\/uploads\/2022\/05\/Trasa-15-km_kurovec-300x186.jpg\" alt=\"Trasa 15 km_kurovec\" width=\"300\" height=\"186\" srcset=\"https:\/\/www.sportovniklubnyrov.cz\/wp-content\/uploads\/2022\/05\/Trasa-15-km_kurovec-300x186.jpg 300w, https:\/\/www.sportovniklubnyrov.cz\/wp-content\/uploads\/2022\/05\/Trasa-15-km_kurovec-768x475.jpg 768w, https:\/\/www.sportovniklubnyrov.cz\/wp-content\/uploads\/2022\/05\/Trasa-15-km_kurovec-1024x633.jpg 1024w, https:\/\/www.sportovniklubnyrov.cz\/wp-content\/uploads\/2022\/05\/Trasa-15-km_kurovec-956x591.jpg 956w\" sizes=\"auto, (max-width: 300px) 100vw, 300px\" \/><\/a><a href=\"http:\/\/www.sportovniklubnyrov.cz\/wp-content\/uploads\/2022\/05\/Profil-15-km.jpg\"><img loading=\"lazy\" decoding=\"async\" class=\"alignnone wp-image-589\" src=\"http:\/\/www.sportovniklubnyrov.cz\/wp-content\/uploads\/2022\/05\/Profil-15-km-300x108.jpg\" alt=\"Profil 15 km\" width=\"211\" height=\"76\" \/><\/a><a href=\"http:\/\/www.sportovniklubnyrov.cz\/wp-content\/uploads\/2015\/02\/mapycz-qr-15-km.png\"><img loading=\"lazy\" decoding=\"async\" class=\"alignnone wp-image-746\" src=\"http:\/\/www.sportovniklubnyrov.cz\/wp-content\/uploads\/2015\/02\/mapycz-qr-15-km-300x300.png\" alt=\"mapycz-qr-15 km\" width=\"224\" height=\"224\" srcset=\"https:\/\/www.sportovniklubnyrov.cz\/wp-content\/uploads\/2015\/02\/mapycz-qr-15-km-300x300.png 300w, https:\/\/www.sportovniklubnyrov.cz\/wp-content\/uploads\/2015\/02\/mapycz-qr-15-km-150x150.png 150w, https:\/\/www.sportovniklubnyrov.cz\/wp-content\/uploads\/2015\/02\/mapycz-qr-15-km.png 500w\" sizes=\"auto, (max-width: 224px) 100vw, 224px\" \/><\/a><\/p>\n<p><strong><br \/>\n<\/strong><strong>POZOR ! \u00daprava trasy<\/strong><\/p>\n<p><u>N\u00fdrov-&gt;Kun\u0161t\u00e1t-&gt;Toubo\u0159-&gt;<strong>Hlubok\u00e9-<\/strong>&gt;Makov-&gt;Rudka-&gt;N\u00fdrov<\/u>\u00a0\u00a0 \u00a025 km\u00a0 \u00a0 \u00a0 \u00a0 \u00a0 \u00a0 \u00a0 \u00a0 \u00a0 \u00a0 \u00a0 \u00a0\u00a0<a href=\"https:\/\/mapy.cz\/s\/legonurefe\">https:\/\/mapy.cz\/s\/legonurefe<\/a><\/p>\n<p>&nbsp;<\/p>\n<p>&nbsp;<\/p>\n<p><a href=\"http:\/\/www.sportovniklubnyrov.cz\/wp-content\/uploads\/2015\/02\/Trasa-25-km.png\"><img loading=\"lazy\" decoding=\"async\" class=\"alignnone wp-image-673\" src=\"http:\/\/www.sportovniklubnyrov.cz\/wp-content\/uploads\/2015\/02\/Trasa-25-km-300x228.png\" alt=\"Trasa 25 km\" width=\"311\" height=\"236\" srcset=\"https:\/\/www.sportovniklubnyrov.cz\/wp-content\/uploads\/2015\/02\/Trasa-25-km-300x228.png 300w, https:\/\/www.sportovniklubnyrov.cz\/wp-content\/uploads\/2015\/02\/Trasa-25-km-768x583.png 768w, https:\/\/www.sportovniklubnyrov.cz\/wp-content\/uploads\/2015\/02\/Trasa-25-km-1024x778.png 1024w, https:\/\/www.sportovniklubnyrov.cz\/wp-content\/uploads\/2015\/02\/Trasa-25-km-956x726.png 956w\" sizes=\"auto, (max-width: 311px) 100vw, 311px\" \/><\/a><a href=\"http:\/\/www.sportovniklubnyrov.cz\/wp-content\/uploads\/2022\/05\/Profil-25km.jpg\"><img loading=\"lazy\" decoding=\"async\" class=\"alignnone wp-image-597\" src=\"http:\/\/www.sportovniklubnyrov.cz\/wp-content\/uploads\/2022\/05\/Profil-25km-300x237.jpg\" alt=\"Profil 25km\" width=\"192\" height=\"152\" srcset=\"https:\/\/www.sportovniklubnyrov.cz\/wp-content\/uploads\/2022\/05\/Profil-25km-300x237.jpg 300w, https:\/\/www.sportovniklubnyrov.cz\/wp-content\/uploads\/2022\/05\/Profil-25km.jpg 535w\" sizes=\"auto, (max-width: 192px) 100vw, 192px\" \/><\/a><a href=\"http:\/\/www.sportovniklubnyrov.cz\/wp-content\/uploads\/2015\/02\/mapycz-qr-25-km-1.png\"><img loading=\"lazy\" decoding=\"async\" class=\"wp-image-790 alignnone\" src=\"http:\/\/www.sportovniklubnyrov.cz\/wp-content\/uploads\/2015\/02\/mapycz-qr-25-km-1-300x300.png\" alt=\"mapycz-qr-25 km\" width=\"210\" height=\"210\" srcset=\"https:\/\/www.sportovniklubnyrov.cz\/wp-content\/uploads\/2015\/02\/mapycz-qr-25-km-1-300x300.png 300w, https:\/\/www.sportovniklubnyrov.cz\/wp-content\/uploads\/2015\/02\/mapycz-qr-25-km-1-150x150.png 150w, https:\/\/www.sportovniklubnyrov.cz\/wp-content\/uploads\/2015\/02\/mapycz-qr-25-km-1.png 500w\" sizes=\"auto, (max-width: 210px) 100vw, 210px\" \/><\/a><\/p>\n<p><strong>POZOR ! \u00daprava trasy<\/strong><\/p>\n<p><u>N\u00fdrov-&gt;Letovice-&gt;Svit\u00e1vka-&gt;Sebranice-&gt;Kun\u0161t\u00e1t-&gt;Toubo\u0159-&gt;<strong>Hlubok\u00e9-<\/strong>&gt;Makov-&gt;Vranov\u00e1-&gt;N\u00fdrov<\/u>\u00a0\u00a0 42 km\u00a0 \u00a0 \u00a0 \u00a0 \u00a0<a href=\"https:\/\/mapy.cz\/s\/fuhuhajohe\">https:\/\/mapy.cz\/s\/fuhuhajohe<\/a><\/p>\n<p>&nbsp;<\/p>\n<p><a href=\"http:\/\/www.sportovniklubnyrov.cz\/wp-content\/uploads\/2015\/02\/Trasa-42-km.png\"><img loading=\"lazy\" decoding=\"async\" class=\"alignnone size-medium wp-image-672\" src=\"http:\/\/www.sportovniklubnyrov.cz\/wp-content\/uploads\/2015\/02\/Trasa-42-km-300x278.png\" alt=\"Trasa 42 km\" width=\"300\" height=\"278\" srcset=\"https:\/\/www.sportovniklubnyrov.cz\/wp-content\/uploads\/2015\/02\/Trasa-42-km-300x278.png 300w, https:\/\/www.sportovniklubnyrov.cz\/wp-content\/uploads\/2015\/02\/Trasa-42-km-768x713.png 768w, https:\/\/www.sportovniklubnyrov.cz\/wp-content\/uploads\/2015\/02\/Trasa-42-km-1024x951.png 1024w, https:\/\/www.sportovniklubnyrov.cz\/wp-content\/uploads\/2015\/02\/Trasa-42-km-956x887.png 956w\" sizes=\"auto, (max-width: 300px) 100vw, 300px\" \/><\/a><a href=\"http:\/\/www.sportovniklubnyrov.cz\/wp-content\/uploads\/2022\/05\/Profil-42-km.png\"><img loading=\"lazy\" decoding=\"async\" class=\"alignnone wp-image-604\" src=\"http:\/\/www.sportovniklubnyrov.cz\/wp-content\/uploads\/2022\/05\/Profil-42-km-300x108.png\" alt=\"Profil 42 km\" width=\"222\" height=\"80\" srcset=\"https:\/\/www.sportovniklubnyrov.cz\/wp-content\/uploads\/2022\/05\/Profil-42-km-300x108.png 300w, https:\/\/www.sportovniklubnyrov.cz\/wp-content\/uploads\/2022\/05\/Profil-42-km.png 322w\" sizes=\"auto, (max-width: 222px) 100vw, 222px\" \/><\/a><a href=\"http:\/\/www.sportovniklubnyrov.cz\/wp-content\/uploads\/2015\/02\/mapycz-qr-42-km-1.png\"><img loading=\"lazy\" decoding=\"async\" class=\"alignnone wp-image-791\" src=\"http:\/\/www.sportovniklubnyrov.cz\/wp-content\/uploads\/2015\/02\/mapycz-qr-42-km-1-300x300.png\" alt=\"mapycz-qr-42 km\" width=\"210\" height=\"210\" srcset=\"https:\/\/www.sportovniklubnyrov.cz\/wp-content\/uploads\/2015\/02\/mapycz-qr-42-km-1-300x300.png 300w, https:\/\/www.sportovniklubnyrov.cz\/wp-content\/uploads\/2015\/02\/mapycz-qr-42-km-1-150x150.png 150w, https:\/\/www.sportovniklubnyrov.cz\/wp-content\/uploads\/2015\/02\/mapycz-qr-42-km-1.png 500w\" sizes=\"auto, (max-width: 210px) 100vw, 210px\" \/><\/a><\/p>\n<p>&nbsp;<\/p>\n<p><a href=\"http:\/\/www.sportovniklubnyrov.cz\/wp-content\/uploads\/2015\/02\/Veden\u00ed-tras-p\u0159es-Panskou-zahradu.png\"><img loading=\"lazy\" decoding=\"async\" class=\"alignnone size-medium wp-image-670\" src=\"http:\/\/www.sportovniklubnyrov.cz\/wp-content\/uploads\/2015\/02\/Veden\u00ed-tras-p\u0159es-Panskou-zahradu-300x213.png\" alt=\"Veden\u00ed tras p\u0159es Panskou zahradu\" width=\"300\" height=\"213\" srcset=\"https:\/\/www.sportovniklubnyrov.cz\/wp-content\/uploads\/2015\/02\/Veden\u00ed-tras-p\u0159es-Panskou-zahradu-300x213.png 300w, https:\/\/www.sportovniklubnyrov.cz\/wp-content\/uploads\/2015\/02\/Veden\u00ed-tras-p\u0159es-Panskou-zahradu-768x546.png 768w, https:\/\/www.sportovniklubnyrov.cz\/wp-content\/uploads\/2015\/02\/Veden\u00ed-tras-p\u0159es-Panskou-zahradu-1024x727.png 1024w, https:\/\/www.sportovniklubnyrov.cz\/wp-content\/uploads\/2015\/02\/Veden\u00ed-tras-p\u0159es-Panskou-zahradu-956x679.png 956w\" sizes=\"auto, (max-width: 300px) 100vw, 300px\" \/><\/a><\/p>\n<p>&nbsp;<\/p>\n<p>&nbsp;<\/p>\n<p>P\u0159ihl\u00e1\u0161ka ke sta\u017een\u00ed\u00a0<a href=\"http:\/\/www.sportovniklubnyrov.cz\/wp-content\/uploads\/2015\/02\/P\u0159ihl\u00e1\u0161ka_A5.pdf\">ZDE<\/a><\/p>\n","protected":false},"excerpt":{"rendered":"<p>\u00a0Po\u0159adatelem pochodu je Sportovn\u00ed klub N\u00fdrov, z.s. kdy: sobota 16. kv\u011btna 2026 start:\u00a07-11 hod. kde: v\u00fdleti\u0161t\u011b N\u00fdrov kategorie: 7km, 15km, 25km, 42km web: www.sportovniklubnyrov.cz email: pochod-hk@seznam.cz tel: 602 160 684 P\u0159ipraveny jsou trasy o d\u00e9lk\u00e1ch 7, 15, 25 nebo na&#8230;<br \/><a class=\"read-more-button\" href=\"https:\/\/www.sportovniklubnyrov.cz\/?page_id=53\">\u010c\u00edst v\u00edce<\/a><\/p>\n","protected":false},"author":1,"featured_media":0,"parent":0,"menu_order":0,"comment_status":"closed","ping_status":"open","template":"template-full-width.php","meta":{"footnotes":""},"class_list":["post-53","page","type-page","status-publish","hentry"],"_links":{"self":[{"href":"https:\/\/www.sportovniklubnyrov.cz\/index.php?rest_route=\/wp\/v2\/pages\/53","targetHints":{"allow":["GET"]}}],"collection":[{"href":"https:\/\/www.sportovniklubnyrov.cz\/index.php?rest_route=\/wp\/v2\/pages"}],"about":[{"href":"https:\/\/www.sportovniklubnyrov.cz\/index.php?rest_route=\/wp\/v2\/types\/page"}],"author":[{"embeddable":true,"href":"https:\/\/www.sportovniklubnyrov.cz\/index.php?rest_route=\/wp\/v2\/users\/1"}],"replies":[{"embeddable":true,"href":"https:\/\/www.sportovniklubnyrov.cz\/index.php?rest_route=%2Fwp%2Fv2%2Fcomments&post=53"}],"version-history":[{"count":155,"href":"https:\/\/www.sportovniklubnyrov.cz\/index.php?rest_route=\/wp\/v2\/pages\/53\/revisions"}],"predecessor-version":[{"id":829,"href":"https:\/\/www.sportovniklubnyrov.cz\/index.php?rest_route=\/wp\/v2\/pages\/53\/revisions\/829"}],"wp:attachment":[{"href":"https:\/\/www.sportovniklubnyrov.cz\/index.php?rest_route=%2Fwp%2Fv2%2Fmedia&parent=53"}],"curies":[{"name":"wp","href":"https:\/\/api.w.org\/{rel}","templated":true}]}}