{"id":58,"date":"2015-02-01T12:44:24","date_gmt":"2015-02-01T12:44:24","guid":{"rendered":"http:\/\/www.sportovniklubnyrov.cz\/?page_id=58"},"modified":"2026-04-01T09:45:54","modified_gmt":"2026-04-01T09:45:54","slug":"slivkost","status":"publish","type":"page","link":"https:\/\/www.sportovniklubnyrov.cz\/?page_id=58","title":{"rendered":"Slivko\u0161t"},"content":{"rendered":"<h3><img loading=\"lazy\" decoding=\"async\" class=\" size-medium wp-image-43 alignright\" src=\"http:\/\/www.sportovniklubnyrov.cz\/wp-content\/uploads\/2014\/02\/123-263x300.png\" alt=\"123\" width=\"263\" height=\"300\" srcset=\"https:\/\/www.sportovniklubnyrov.cz\/wp-content\/uploads\/2014\/02\/123-263x300.png 263w, https:\/\/www.sportovniklubnyrov.cz\/wp-content\/uploads\/2014\/02\/123.png 336w\" sizes=\"auto, (max-width: 263px) 100vw, 263px\" \/>Pozv\u00e1nka: Sportovn\u00ed klub N\u00fdrov V\u00e1s zve na ko\u0161t slivovice kter\u00fd se uskute\u010dn\u00ed v sobotu 28. b\u0159ezna 2026 od 18. hod. v KD N\u00fdrov<\/h3>\n<p>R\u00e1di V\u00e1s p\u0159iv\u00edt\u00e1me jako sout\u011b\u017e\u00edc\u00ed nebo jako p\u0159\u00e1tele slivovice.<\/p>\n<ul>\n<li><strong>Kdy:<\/strong> sobota 28.3.2026 od 18:00<\/li>\n<li><strong>Kde:<\/strong> KD N\u00fdrov (pohostinstv\u00ed U Jank\u016f) <a href=\"http:\/\/ujanku.webnode.cz\">ujanku.webnode.cz<\/a><\/li>\n<li><strong>P\u0159\u00edjem vzork\u016f:<\/strong> od st\u0159edy 26. do p\u00e1tku 27. b\u0159ezna v\u017edy po 18 hodin\u011b v pohostinstv\u00ed U Jank\u016f v N\u00fdrov\u011b. V jin\u00e9 term\u00edny po dohod\u011b na \u010d\u00edsle<br \/>\n602 745 808 (Konop\u00e1\u010d Vladim\u00edr) nebo na 602 160 684 (Dvo\u0159\u00e1\u010dek Ivo).<\/li>\n<li>Doporu\u010den\u00e9 mno\u017estv\u00ed jednoho vzorku je 0,3 l.<\/li>\n<li>Po\u010det vzork\u016f od jednoho p\u011bstitele nen\u00ed omezen.<\/li>\n<li><strong>Sout\u011b\u017en\u00ed kategorie:<\/strong> \u0161vestka 2025, ostatn\u00ed 2025, \u0161vestka archiv, ostatn\u00ed archiv<br \/>\nSout\u011b\u017en\u00ed pravidla naleznete na str\u00e1nk\u00e1ch SK N\u00fdrov <a href=\"http:\/\/www.sportovniklubnyrov.cz\">www.sportovniklubnyrov.cz<\/a><\/li>\n<\/ul>\n<h3>Pravidla ko\u0161tu:<\/h3>\n<p><a href=\"http:\/\/www.sportovniklubnyrov.cz\/wp-content\/uploads\/2015\/02\/Pravidla_kostu_slivovice_nyrov.pdf\"><img loading=\"lazy\" decoding=\"async\" class=\" size-full wp-image-27 alignleft\" src=\"http:\/\/www.sportovniklubnyrov.cz\/wp-content\/uploads\/2015\/02\/format_pdf.gif\" alt=\"format_pdf\" width=\"37\" height=\"38\" \/><\/a>Pravidla ko\u0161tu naleznete\u00a0<a href=\"http:\/\/www.sportovniklubnyrov.cz\/wp-content\/uploads\/2015\/02\/Pravidla_kostu_slivovice_nyrov.pdf\">ZDE<\/a><\/p>\n<h3>V\u00fdsledky minul\u00fdch ro\u010dn\u00edk\u016f:<\/h3>\n<p>KOMPLETN\u00cd V\u00ddSLEDKY ko\u0161tu 2026 naleznete <a href=\"http:\/\/www.sportovniklubnyrov.cz\/wp-content\/uploads\/2026\/04\/vysledky_komplet_2026.pdf\">ZDE<\/a><\/p>\n<p>KOMPLETN\u00cd V\u00ddSLEDKY ko\u0161tu 2025 naleznete\u00a0<a href=\"http:\/\/www.sportovniklubnyrov.cz\/wp-content\/uploads\/2015\/02\/v\u00fdsledky_komplet_2025.pdf\">ZDE<\/a><\/p>\n<p>KOMPLETN\u00cd V\u00ddSLEDKY ko\u0161tu 2024 naleznete <a href=\"http:\/\/www.sportovniklubnyrov.cz\/wp-content\/uploads\/2015\/02\/V\u00fdsledky_komplet_2024.pdf\">ZDE<\/a><\/p>\n<p>KOMPLETN\u00cd V\u00ddSLEDKY ko\u0161tu 2023 naleznete <a href=\"http:\/\/www.sportovniklubnyrov.cz\/wp-content\/uploads\/2023\/03\/v\u00fdsledky_komplet_2023.pdf\">ZDE<\/a><\/p>\n<p>KOMPLETN\u00cd V\u00ddSLEDKY ko\u0161tu 2022 naleznete <a href=\"http:\/\/www.sportovniklubnyrov.cz\/wp-content\/uploads\/2015\/02\/v\u00fdsledky_komplet_2022.pdf\">ZDE<\/a><\/p>\n<p>KOMPLETN\u00cd V\u00ddSLEDKY ko\u0161tu 2019 naleznete <a href=\"http:\/\/www.sportovniklubnyrov.cz\/wp-content\/uploads\/2019\/03\/vysledky_komplet_2019.pdf\">ZDE<\/a><\/p>\n<p>KOMPLETN\u00cd V\u00ddSLEDKY ko\u0161tu 2017 naleznete <a href=\"http:\/\/www.sportovniklubnyrov.cz\/wp-content\/uploads\/2017\/03\/vysledky_komplet_2017.pdf\">ZDE<\/a><\/p>\n<p>KOMPLETN\u00cd V\u00ddSLEDKY ko\u0161tu 2016 naleznete <a href=\"http:\/\/www.sportovniklubnyrov.cz\/wp-content\/uploads\/2016\/03\/vysledky_komplet_2016.pdf\">ZDE<\/a><\/p>\n<p>KOMPLETN\u00cd V\u00ddSLEDKY ko\u0161tu 2015 naleznete <a href=\"http:\/\/www.sportovniklubnyrov.cz\/wp-content\/uploads\/2015\/03\/vysledky_komplet_2015.pdf\">ZDE<\/a><\/p>\n<p>KOMPLETN\u00cd V\u00ddSLEDKY ko\u0161tu 2014 naleznete <a href=\"http:\/\/www.sportovniklubnyrov.cz\/wp-content\/uploads\/2015\/02\/vysledky_komplet_2014.pdf\">ZDE<\/a><\/p>\n<p>KOMPLETN\u00cd V\u00ddSLEDKY ko\u0161tu 2012 naleznete <a href=\"http:\/\/www.sportovniklubnyrov.cz\/wp-content\/uploads\/2015\/02\/vysledky_komplet.pdf\">ZDE<\/a><\/p>\n<h3>Video pozv\u00e1nka na IV ro\u010dn\u00edk (2016):<\/h3>\n<p><iframe loading=\"lazy\" title=\"Slivko\u0161t N\u00fdrov 2016 - pozv\u00e1nka\" width=\"628\" height=\"353\" src=\"https:\/\/www.youtube.com\/embed\/--jDyLc6kLA?feature=oembed\" frameborder=\"0\" allow=\"accelerometer; autoplay; clipboard-write; encrypted-media; gyroscope; picture-in-picture; web-share\" referrerpolicy=\"strict-origin-when-cross-origin\" allowfullscreen><\/iframe><\/p>\n","protected":false},"excerpt":{"rendered":"<p>Pozv\u00e1nka: Sportovn\u00ed klub N\u00fdrov V\u00e1s zve na ko\u0161t slivovice kter\u00fd se uskute\u010dn\u00ed v sobotu 28. b\u0159ezna 2026 od 18. hod. v KD N\u00fdrov R\u00e1di V\u00e1s p\u0159iv\u00edt\u00e1me jako sout\u011b\u017e\u00edc\u00ed nebo jako p\u0159\u00e1tele slivovice. Kdy: sobota 28.3.2026 od 18:00 Kde: KD N\u00fdrov&#8230;<br \/><a class=\"read-more-button\" href=\"https:\/\/www.sportovniklubnyrov.cz\/?page_id=58\">\u010c\u00edst v\u00edce<\/a><\/p>\n","protected":false},"author":1,"featured_media":0,"parent":0,"menu_order":0,"comment_status":"closed","ping_status":"open","template":"template-full-width.php","meta":{"footnotes":""},"class_list":["post-58","page","type-page","status-publish","hentry"],"_links":{"self":[{"href":"https:\/\/www.sportovniklubnyrov.cz\/index.php?rest_route=\/wp\/v2\/pages\/58","targetHints":{"allow":["GET"]}}],"collection":[{"href":"https:\/\/www.sportovniklubnyrov.cz\/index.php?rest_route=\/wp\/v2\/pages"}],"about":[{"href":"https:\/\/www.sportovniklubnyrov.cz\/index.php?rest_route=\/wp\/v2\/types\/page"}],"author":[{"embeddable":true,"href":"https:\/\/www.sportovniklubnyrov.cz\/index.php?rest_route=\/wp\/v2\/users\/1"}],"replies":[{"embeddable":true,"href":"https:\/\/www.sportovniklubnyrov.cz\/index.php?rest_route=%2Fwp%2Fv2%2Fcomments&post=58"}],"version-history":[{"count":49,"href":"https:\/\/www.sportovniklubnyrov.cz\/index.php?rest_route=\/wp\/v2\/pages\/58\/revisions"}],"predecessor-version":[{"id":843,"href":"https:\/\/www.sportovniklubnyrov.cz\/index.php?rest_route=\/wp\/v2\/pages\/58\/revisions\/843"}],"wp:attachment":[{"href":"https:\/\/www.sportovniklubnyrov.cz\/index.php?rest_route=%2Fwp%2Fv2%2Fmedia&parent=58"}],"curies":[{"name":"wp","href":"https:\/\/api.w.org\/{rel}","templated":true}]}}